{"id":9,"date":"2013-06-18T14:38:56","date_gmt":"2013-06-18T12:38:56","guid":{"rendered":"https:\/\/www.dos-dokumenten-systeme.de\/?page_id=9"},"modified":"2013-09-04T14:46:44","modified_gmt":"2013-09-04T12:46:44","slug":"agb","status":"publish","type":"page","link":"https:\/\/www.dos-dokumenten-systeme.de\/de\/agb\/","title":{"rendered":"AGB"},"content":{"rendered":"<p>Allgemeine Gesch\u00e4ftsbedingungen der DOS Dokumenten Systeme GmbH<br \/>\nf\u00fcr Dienst- und Werkleistungen<br \/>\n(Stand Mai 2005)<\/p>\n<p><strong>I. Anwendungsbereich<\/strong><br \/>\n(1) DOS Dokumenten Systeme GmbH erbringt ihre Leistungen zu den nachfolgenden<br \/>\nGesch\u00e4ftsbedingungen. Falls in dem von den Parteien unterzeichneten Vertrag zu einem<br \/>\nPunkt eine abweichende Regelung getroffen wurde, so genie\u00dft diese Regelung Vorrang; die<br \/>\nG\u00fcltigkeit der \u00fcbrigen Gesch\u00e4ftsbedingungen wird davon nicht ber\u00fchrt.<br \/>\n(2) Enth\u00e4lt die Vereinbarung werkvertragliche Elemente, so gelten erg\u00e4nzend die<br \/>\nBedingungen in Anhang A. F\u00fcr den Vertrieb von Software, die Entwicklung propriet\u00e4rer<br \/>\nSoftwarel\u00f6sungen oder die Aktualisierung von Software k\u00f6nnen andere Bedingungen<br \/>\nvereinbart sein oder werden.<br \/>\n(3) Diese Gesch\u00e4ftsbedingungen haben Vorrang vor allen Gesch\u00e4fts- und<br \/>\nEinkaufsbedingungen des Kunden, soweit diese widersprechende Regelungen enthalten.<\/p>\n<p><strong>II. Grundlegende Vertragspflichten<\/strong><br \/>\n(1) DOS Dokumenten Systeme GmbH erbringt ihre Leistungen nach dem bei Vertragsschluss<br \/>\naktuellen Stand der Technik und durch Personal, das f\u00fcr die Erbringung der Leistungen<br \/>\nqualifiziert ist.<br \/>\n(2) Der Kunde hat DOS Dokumenten Systeme GmbH bei der Erbringung der Leistungen in<br \/>\nangemessenem Umfang zu unterst\u00fctzen. Insbesondere muss der Kunde DOS Dokumenten<br \/>\nSysteme GmbH alle erforderlichen Informationen und Unterlagen vollst\u00e4ndig und rechtzeitig<br \/>\nzur Verf\u00fcgung stellen. Falls nichts anderes vereinbart ist, obliegt dem Kunden auch eine<br \/>\nordnungsgem\u00e4\u00dfe Sicherung seiner Daten. Dar\u00fcber hinausgehende Mitwirkungspflichten<br \/>\nbed\u00fcrfen der gesonderten Vereinbarung im Vertrag.<\/p>\n<p><strong>III. Datenschutz und Geheimhaltung<\/strong><br \/>\n(1) DOS Dokumenten Systeme GmbH verpflichtet sich bei der Verarbeitung<br \/>\npersonenbezogener Daten des Kunden zu einer ordnungsgem\u00e4\u00dfen Datenverarbeitung gem\u00e4\u00df<br \/>\nder Datenschutzerkl\u00e4rung in Anhang B.<br \/>\n(2) Beide Parteien verpflichten sich au\u00dferdem, sonstige ihnen im Zusammenhang mit der<br \/>\nVertragsdurchf\u00fchrung bekannt gewordene vertrauliche Informationen, wie z.B. Informationen<br \/>\n\u00fcber Produkte, Dienstleistungen, Technologien, Kunden, Gesch\u00e4ftsmethoden oder Finanzen,<br \/>\ngeheim zu halten und nicht an Dritte weiterzugeben oder in sonstiger Weise zu verwerfen.<br \/>\n(3) Der Kunde stellt sicher, dass DOS Dokumenten Systeme GmbH alle relevanten<br \/>\nSachverhalte, deren Kenntnis f\u00fcr sie aus Gr\u00fcnden des Datenschutzes und der Geheimhaltung<br \/>\nerforderlich ist, bekannt gegeben werden. Der Kunde tr\u00e4gt daf\u00fcr Sorge, dass DOS<br \/>\nDokumenten Systeme GmbH personenbezogene Daten und sonstige vertrauliche<br \/>\nInformationen nur in dem Umfang zur Verf\u00fcgung gestellt werden, wie es f\u00fcr die Ausf\u00fchrung<br \/>\ndes Auftrages notwendig ist.<\/p>\n<p><strong>IV. Leistungsergebnisse<\/strong><br \/>\nDOS Dokumenten Systeme GmbH r\u00e4umt dem Kunden das nicht ausschlie\u00dfliche, dauerhafte,<br \/>\nunwiderrufliche und nicht \u00fcbertragbare Recht ein, die Ergebnisse der erbrachten Leistungen<br \/>\nzu nutzen, soweit dies zur Erreichung des Vertragszwecks notwendig ist. Dies gilt auch f\u00fcr<br \/>\nZwischenergebnisse, Schulungsunterlagen und Hilfsmittel.<\/p>\n<p><strong>V. Verg\u00fctung und Zahlungsbedingungen<\/strong><br \/>\n(1) Ist im Vertrag keine Verg\u00fctungsregelung getroffen worden, so werden die vertraglichen<br \/>\nLeistungen nach Zeitaufwand zu den jeweils aktuellen Stunden- bzw. Tagess\u00e4tzen der DOS<br \/>\nDokumenten Systeme GmbH verg\u00fctet. Materialaufwand wird stets gesondert verg\u00fctet. Durch<br \/>\nden Kunden zu vertretende Wartezeiten von Mitarbeitern der DOS Dokumenten Systeme<br \/>\nGmbH werden wie Leistungszeiten verg\u00fctet.<br \/>\n(2) Die erbrachten Leistungen werden monatlich in Rechnung gestellt. Die Verg\u00fctung wird<br \/>\nnach Erhalt einer pr\u00fcff.higen Rechnung und vom Kunden durch Gegenzeichnung<br \/>\ngenehmigten Leistungsnachweis f\u00e4llig. Der Leistungsnachweis gilt als genehmigt, wenn und<br \/>\nsoweit der Kunde nicht innerhalb von 10 Kalendertagen nach Erhalt Einw\u00e4nde geltend macht.<br \/>\n(3) Ein im Vertrag vereinbarter Festpreis gilt als Verg\u00fctung f\u00fcr alle vertraglichen Leistungen.<br \/>\nDie Zahlung des Festpreises erfolgt durch die vertraglich vereinbarten Abschlagszahlungen.<br \/>\nDiese werden zu den im vertrag vereinbarten Abschlagsfristen f\u00e4llig. Voraussetzung f\u00fcr die<br \/>\nF\u00e4lligkeit ist der Erhalt einer pr\u00fcff.higen Rechnung.<br \/>\n(4) Reisekosten und Spesen, welche DOS Dokumenten Systeme GmbH ihren im Rahmen<br \/>\ndieser Leistungen eingesetzten Mitarbeitern zu zahlen hat, werden dem Kunden<br \/>\nweiterberechnet. Die Wegezeiten f\u00fcr Hin- und R\u00fcckfahrt werden mit 75 % des f\u00fcr den<br \/>\nentsprechenden Mitarbeiter g\u00fcltigen Stundensatzes verg\u00fctet.<br \/>\n(5) Weicht ein Verg\u00fctungsbestimmender Faktor im Laufe der Vertragsdurchf\u00fchrung nicht nur<br \/>\nunerheblich vom Vertrag ab, hat DOS Dokumenten Systeme GmbH Anspruch auf eine<br \/>\nentsprechende Anpassung der Verg\u00fctung. Unabh\u00e4ngig davon kann DOS Dokumenten<br \/>\nSysteme GmbH bei Vertr\u00e4gen mit einer Laufzeit von \u00fcber einem Jahr ihre Verg\u00fctungss.tze<br \/>\nalle 12 Monate in einem angemessenen Rahmen erh\u00f6hen, erstmalig fr\u00fchestens 12 Monate<br \/>\nnach Vertragsabschluss. Eine Erh\u00f6hung ist dem Kunden anzuk\u00fcndigen und wird fr\u00fchestens 3<br \/>\nMonate nach Zugang der Mitteilung wirksam. Sollten die Verg\u00fctungss.tze um mehr als 10 %<br \/>\nerh\u00f6ht werden, hat der Kunde innerhalb der Ank\u00fcndigungsfrist das Recht, den Vertrag f\u00fcr die<br \/>\nvon der Erh\u00f6hung betroffenen Leistungen zum Zeitpunkt des Wirksamwerdens der neuen<br \/>\nVerg\u00fctungss.tze zu k\u00fcndigen.<br \/>\n(6) Die gesetzliche Mehrwertsteuer ist in den Verg\u00fctungss.tzen nicht enthalten, sie wird in<br \/>\nder jeweils g\u00fcltigen H\u00f6he gesondert in Rechnung gestellt. Alle Rechnungen sind innerhalb<br \/>\nvon 30 Tagen ab Rechnungsdatum zahlbar. Ein Skontoabzug oder sonstige Abz\u00fcge sind<br \/>\nunzul\u00e4ssig. Eine Zahlung gilt erst dann als erfolgt, wenn DOS Dokumenten Systeme GmbH<br \/>\n\u00fcber den Betrag verf\u00fcgen kann.<br \/>\n(7) Leistet der Kunde die Zahlung nicht innerhalb der Frist, befindet er sich im<br \/>\nZahlungsverzug und schuldet die gesetzlichen Verzugszinsen in H\u00f6he von j\u00e4hrlich 8<br \/>\nProzentpunkten \u00fcber dem jeweiligen Basiszinssatz.<\/p>\n<p><strong>VI. Leistungsst\u00f6rung<\/strong><br \/>\n(1) Wird die Leistung nicht vertragsgem\u00e4\u00df oder fehlerhaft erbracht und hat DOS Dokumenten<br \/>\nSysteme GmbH dies nicht zu vertreten, so ist sie verpflichtet, die Leistung ohne Mehrkosten<br \/>\nf\u00fcr den Kunden innerhalb einer angemessenen Frist nachzubessern. Voraussetzung daf\u00fcr ist<br \/>\neine R\u00fcge des Kunden, die unverz\u00fcglich zu erfolgen hat, sp\u00e4testens jedoch innerhalb von 2<br \/>\nWochen nach Erlangung der Kenntnis, dass die Leistung nicht vertragsgem\u00e4\u00df oder fehlerhaft<br \/>\nist.<br \/>\n(2) Gelingt die vertragsgem\u00e4\u00dfe oder fehlerlose Erbringung der Dienstleistung aus von DOS<br \/>\nDokumenten Systeme GmbH zu vertretenden Gr\u00fcnden auch innerhalb einer vom Kunden zu<br \/>\nsetzenden angemessenen Nachfrist in wesentlichen Teilen nicht, ist der Kunde berechtigt, den<br \/>\nVertrag fristlos zu k\u00fcndigen. In diesem Fall hat DOS Dokumenten Systeme GmbH Anspruch<br \/>\nauf Verg\u00fctung f\u00fcr die bis zum Wirksamwerden der K\u00fcndigung aufgrund des Vertrages<br \/>\nerbrachten Leistungen.<br \/>\nDie Verg\u00fctung entf\u00e4llt nur f\u00fcr solche Leistungen, f\u00fcr die der Kunde innerhalb von 4 Wochen<br \/>\nnach Erkl\u00e4rung der K\u00fcndigung nachweist, dass sie f\u00fcr ihn nicht nutzbar und ohne Interesse<br \/>\nsind.<br \/>\n(3) Das Recht zur au\u00dferordentlichen K\u00fcndigung aus wichtigem Grund bleibt unber\u00fchrt. Eine<br \/>\nau\u00dferordentliche K\u00fcndigung durch den Kunden setzt eine erfolglose Abmahnung voraus.<br \/>\nDOS Dokumenten Systeme GmbH hat Anspruch auf Verg\u00fctung f\u00fcr die bis zum<br \/>\nWirksamwerden der K\u00fcndigung aufgrund des Vertrages erbrachten Leistungen. Die<br \/>\nVerg\u00fctung entf\u00e4llt nur f\u00fcr solche Leistungen, f\u00fcr die der Kunde innerhalb von 4 Wochen nach<br \/>\nErkl\u00e4rung der K\u00fcndigung nachweist, dass sie f\u00fcr ihn nicht nutzbar und ohne Interesse sind.<\/p>\n<p><strong>VII. Schutzrechtsverletzung<\/strong><br \/>\n(1) Macht ein Dritter gegen\u00fcber dem Kunden Anspr\u00fcche wegen der Verletzung von<br \/>\nSchutzrechten durch die Nutzung der Leistungsergebnisse geltend und wird deren Nutzung<br \/>\ndadurch beeintr\u00e4chtigt oder untersagt, wird DOS Dokumenten Systeme GmbH nach ihrer<br \/>\nWahl entweder die vereinbarten Leistungsergebnisse auf ihre Kosten so \u00e4ndern oder ersetzen,<br \/>\ndass sie das Schutzrecht nicht verletzen, oder den Kunden von Lizenzentgelten gegen\u00fcber<br \/>\ndem Schutzrechtsinhaber oder Dritten freistellen. Ist eine Leistungs\u00e4nderung bzw. eine<br \/>\nabz\u00fcglich eines die Zeit der Nutzung ber\u00fccksichtigenden Betrages zur\u00fcckzunehmen.<br \/>\n(2) Eine Leistungs\u00e4nderung bzw. eine Freistellung gem\u00e4\u00df Absatz 1 setzen voraus, dass der<br \/>\nKunde DOS Dokumenten Systeme GmbH von Anspr\u00fcchen Dritter unverz\u00fcglich verst\u00e4ndigt,<br \/>\ndie behauptete Schutzrechtsverletzung nicht anerkennt und gerichtliche oder au\u00dfergerichtliche<br \/>\nAuseinandersetzungen DOS Dokumenten Systeme GmbH \u00fcberl.sst oder nur im<br \/>\nEinvernehmen mit DOS Dokumenten Systeme GmbH f\u00fchrt. Dem Kunden durch die<br \/>\nRechtsverteidigung entstandene notwendige Gerichts- und Anwaltskosten gehen zu Lasten<br \/>\nder DOS Dokumenten Systeme GmbH. Stellt der Kunde die Nutzung aus Gr\u00fcnden der<br \/>\nSchadensminderung oder aus sonstigen wichtigen Gr\u00fcnden ein, ist er verpflichtet, den Dritten<br \/>\ndarauf hinzuweisen, dass mit der Nutzungseinstellung ein Anerkenntnis der behaupteten<br \/>\nSchutzrechtsverletzung nicht verbunden ist. Soweit der Kunde<br \/>\ndie Schutzrechtsverletzung<br \/>\nselbst zu vertreten hat, sind Anspr\u00fcche gegen DOS Dokumenten Systeme GmbH<br \/>\nausgeschlossen.<br \/>\n(3) Der Kunde stellt DOS Dokumenten Systeme GmbH von Anspr\u00fcchen aus einer etwaigen<br \/>\nSchutzrechtsverletzung frei, welche DOS Dokumenten Systeme GmbH durch die Nutzung<br \/>\nvon gesch\u00fctzten Gegenst\u00e4nden verursacht, die ihr vom Kunden zum Zwecke der<br \/>\nAuftragsdurchf\u00fchrung \u00fcberlassen wurden. Absatz 2 gilt sinngem\u00e4\u00df.<\/p>\n<p><strong>VIII. Haftung<\/strong><br \/>\n(1) Wird eine Pflicht verletzt, welche f\u00fcr die Erf\u00fcllung des Vertragszweckes nicht wesentlich<br \/>\nist, haftet DOS Dokumenten Systeme GmbH unabh\u00e4ngig von dem Rechtsgrund nur f\u00fcr<br \/>\nSch\u00e4den, die durch grobe Fahrl\u00e4ssigkeit oder Vorsatz verursacht wurden. Dies gilt nicht,<br \/>\nwenn die Sch\u00e4den durch eine branchen\u00fcbliche Versicherung abgedeckt sind.<br \/>\n(2) Dem Umfang nach ist jegliche Haftung beschr\u00e4nkt auf die bei Gesch\u00e4ften dieser Art<br \/>\ntypischen Sch\u00e4den, welche bei Vertragsschluss oder sp\u00e4testens bei Begehung der<br \/>\nPflichtverletzung vorhersehbar waren. Dies gilt nicht, wenn die Pflichtverletzung auf grober<br \/>\nFahrl\u00e4ssigkeit oder Vorsatz eines gesetzlichen Vertreters oder leitenden Angestellten beruht.<br \/>\n(3) Bei Verlust von Daten haftet DOS Dokumenten Systeme GmbH nur f\u00fcr denjenigen<br \/>\nAufwand, der bei vertragsgem\u00e4\u00dfer Datensicherung durch den Kunden f\u00fcr die<br \/>\nWiederherstellung der Daten erforderlich gewesen w\u00e4re.<br \/>\n(4) Der H\u00f6he nach ist jegliche Haftung im Rahmen der Haftpflicht beschr\u00e4nkt auf 1 Million<br \/>\nEuro. DOS Dokumenten Systeme GmbH sichert dieses Haftungsrisiko durch eine<br \/>\nbranchen\u00fcbliche Betriebshaftpflichtversicherung ab.<br \/>\n(5) \u00a7 639 BGB, Schadenersatzanspr\u00fcche wegen Verletzung von Leben, K\u00f6rper und<br \/>\nGesundheit sowie Anspr\u00fcche nach dem Produkthaftungsgesetz bleiben unber\u00fchrt.<\/p>\n<p><strong>IX. Leistungs\u00e4nderung<\/strong><br \/>\n(1) Der Kunde kann von DOS Dokumenten Systeme GmbH nach Vertragsschluss eine<br \/>\nLeistungs\u00e4nderung verlangen, es sei denn, dies ist f\u00fcr DOS Dokumenten Systeme GmbH<br \/>\nunzumutbar oder undurchf\u00fchrbar. Das \u00c4nderungsverlangen ist schriftlich vorzulegen. Der<br \/>\nKunde und DOS Dokumenten Systeme GmbH k\u00f6nnen vereinbaren, dass die von dem<br \/>\n\u00c4nderungsverlangen betroffenen Leistungen bis zum Abschluss der Verhandlungen \u00fcber eine<br \/>\nVertrags\u00e4nderung oder deren Scheitern unterbrochen werden<br \/>\n(2) DOS Dokumenten Systeme GmbH hat das \u00c4nderungsverlangen des Kunden zu pr\u00fcfen<br \/>\nund ihm innerhalb von 10 Werktagen mitzuteilen, ob das \u00c4nderungsverlangen f\u00fcr sie<br \/>\nzumutbar und durchf\u00fchrbar ist oder ob eine weitergehende Pr\u00fcfung erforderlich ist. Ist eine<br \/>\nweitergehende Pr\u00fcfung erforderlich, hat DOS Dokumenten Systeme GmbH gleichzeitig ein<br \/>\nentsprechendes Pr\u00fcfungsangebot mit Angaben zur Verg\u00fctung zu unterbreiten. Ist eine<br \/>\nweitergehende Pr\u00fcfung des \u00c4nderungsverlangens nicht erforderlich, hat DOS Dokumenten<br \/>\nSysteme GmbH ein Realisierungsangebot mit Angaben zur Verg\u00fctung zu unterbreiten.<br \/>\n(3) Nimmt der Kunde das Realisierungsangebot der DOS Dokumenten Systeme GmbH an,<br \/>\nsind die Leistungs\u00e4nderungen schriftlich als Vertragserg\u00e4nzung festzuhalten. Kommt eine<br \/>\nVertrags\u00e4nderung nicht zustande, werden die Arbeiten auf der Grundlage des Vertrages<br \/>\nweitergef\u00fchrt. Die Leistungszeitr\u00e4ume verl\u00e4ngern sich um die Zahl der Arbeitstage, an denen<br \/>\ninfolge des \u00c4nderungsverlangens bzw. der Pr\u00fcfung des \u00c4nderungsverlangens die Arbeiten<br \/>\nunterbrochen wurden. DOS Dokumenten Systeme GmbH kann f\u00fcr die Dauer der<br \/>\nUnterbrechung die vereinbarte Aufwandverg\u00fctung oder eine angemessene Erh\u00f6hung des<br \/>\nvereinbarten Festpreises verlangen, es sei denn, dass DOS Dokumenten Systeme GmbH ihre<br \/>\nvon der Unterbrechung betroffenen Arbeitnehmer anderweitig eingesetzt oder einzusetzen<br \/>\nb\u00f6swillig unterlassen hat.<\/p>\n<p><strong>X. Schlichtungsverfahren<\/strong><br \/>\nDie Parteien k\u00f6nnen vereinbaren, bei Meinungsverschiedenheiten aus oder im<br \/>\nZusammenhang mit der Vertragserf\u00fcllung, die sie nicht untereinander bereinigen k\u00f6nnen, eine<br \/>\nSchlichtungsstelle anzurufen, um den Streit nach deren Schlichtungsordnung ganz oder<br \/>\nteilweise vorl\u00e4ufig oder endg\u00fcltig zu bereinigen. Zur Erm\u00f6glichung der Schlichtung<br \/>\nverzichten die Parteien wechselseitig auf die Einrede der Verj\u00e4hrung f\u00fcr alle Anspr\u00fcche aus<br \/>\ndem streitigen Sachverhalt ab Schlichtungsantrag bis einen Monat nach Ende des<br \/>\nSchlichtungsverfahrens. Der Verzicht bewirkt eine Hemmung der Verj\u00e4hrung.<\/p>\n<p><strong>XI. Erf\u00fcllungsort, anzuwendendes Recht und Gerichtsstand<\/strong><br \/>\n(1) Erf\u00fcllungsort f\u00fcr Zahlungsverbindlichkeiten ist der Gesch\u00e4ftssitz der DOS Dokumenten<br \/>\nSysteme GmbH<br \/>\n(2) F\u00fcr diese Gesch\u00e4ftsbedingungen und die gesamten Rechtsbeziehungen zwischen der DOS<br \/>\nDokumenten Systeme GmbH und dem Kunden gilt das Recht der Bundesrepublik<br \/>\nDeutschland.<br \/>\n(3) Ist der Kunde Unternehmer, eine juristische Person des \u00f6ffentlichen Rechts oder<br \/>\n\u00f6ffentlich-rechtliches Sonderverm\u00f6gen, so wird als Gerichtsstand M\u00fcnchen vereinbart.<\/p>\n<p><strong>XII. Sonstiges<\/strong><br \/>\n(1) Ein Verzicht auf Rechte, Anspr\u00fcche oder Formvorschriften im Einzelfall oder auch im<br \/>\nwiederholten Falle beinhaltet keinen diesbez\u00fcglichen Verzicht f\u00fcr die Zukunft.<br \/>\n(2) \u00c4nderungen und Erg\u00e4nzungen des Vertrags oder dieser Gesch\u00e4ftsbedingungen bed\u00fcrfen<br \/>\nder Schriftform und m\u00fcssen ausdr\u00fccklich als \u00c4nderungen oder Erg\u00e4nzungen gekennzeichnet<br \/>\nsein. Dies gilt auch f\u00fcr die Ab\u00e4nderung dieser Schriftformklausel selbst.<br \/>\n(3) Sollte eine Bestimmung dieses Vertrages unwirksam sein oder werden oder sollte sich<br \/>\neine Regelungsl\u00fccke ergeben, so wird davon die Wirksamkeit des Vertrags im \u00dcbrigen nicht<br \/>\nber\u00fchrt. Anstelle der unwirksamen Bestimmung bzw. in Erg\u00e4nzung der Regelungsl\u00fccke soll<br \/>\ngelten, was die Parteien vereinbart h\u00e4tten, wenn ihnen die Unwirksamkeit der Bestimmung<br \/>\noder das Vorhandensein einer Regelungsl\u00fccke bekannt gewesen w\u00e4re.<\/p>\n<p><strong>Anhang A: Erg\u00e4nzende Gesch\u00e4ftsbedingungen f\u00fcr Werkleistungen der<\/strong><br \/>\n<strong> DOS Dokumenten Systeme GmbH<\/strong><\/p>\n<p><strong>I. Abnahme bei Werkleistungen<\/strong><br \/>\n(1) Sind Werkleistungen zu erbringen, erkl\u00e4rt DOS Dokumenten Systeme GmbH schriftlich<br \/>\ndurch Liefer- bzw. \u00dcbergabeschein die Bereitschaft zur Abnahme gegen\u00fcber dem Kunden.<br \/>\n(2) Der Kunde verpflichtet sich, nach erfolgreicher .berpr\u00fcfung der vertragsgem\u00e4\u00df<br \/>\nerbrachten Werkleistungen die Abnahme zu erkl\u00e4ren. Die Abnahmeerkl\u00e4rung erfolgt<br \/>\nschriftlich in einem Abnahmeprotokoll. Die vorbehaltslose Nutzung der Werkleistung steht<br \/>\nder Abnahme jedoch gleich. Die Abnahme gilt auch als erkl\u00e4rt, wenn nach Ablauf von 20<br \/>\nWerktagen seit Erkl\u00e4rung der Bereitschaft zur Abnahme durch den Kunden keine erheblichen<br \/>\nFehler schriftlich gemeldet wurden.<br \/>\n(3) Der Kunde kann die Abnahmeerkl\u00e4rung nur dann verweigern, wenn Fehler vorliegen,<br \/>\nwelche die vertragsgem\u00e4\u00dfe Nutzung der Werkleistung unzumutbar einschr\u00e4nken oder<br \/>\nausschlie\u00dfen. Liegen sonstige Fehler vor, erfolgt die Fehlerbehebung w\u00e4hrend des<br \/>\nAbnahmeverfahrens. Die nach der Abnahme verbleibenden Fehler werden von DOS<br \/>\nDokumenten Systeme GmbH im Rahmen der Gew\u00e4hrleistung gem\u00e4\u00df einem von den Parteien<br \/>\nabzustimmenden Zeitplan behoben. Dieses Abnahmeverfahren gilt auch f\u00fcr im Vertrag<br \/>\nvereinbarte Teilleistungen.<\/p>\n<p><strong>II. Gew\u00e4hrleistung bei Werkleistungen<\/strong><br \/>\n(1) DOS Dokumenten Systeme GmbH gew\u00e4hrleistet, dass die abgenommenen<br \/>\nWerkleistungen der vereinbarten Leistungsbeschreibung entsprechen und nicht mit Fehlern<br \/>\nbehaftet sind, die ihre Tauglichkeit aufheben oder wesentlich mindern. Die<br \/>\nGew\u00e4hrleistungsfrist betr\u00e4gt 12 Monate ab Abnahme.<br \/>\n(2) Die Gew.hrleistungsanspr\u00fcche des Kunden erstrecken sich nicht auf Werkleistungen, die<br \/>\nder Kunde \u00e4ndert oder nicht in der vertraglich vereinbarten Systemumgebung einsetzt, es sei<br \/>\ndenn, der Kunde weist nach, dass diese Nutzung f\u00fcr den gemeldeten Fehler nicht urs\u00e4chlich<br \/>\nist. Auch \u00fcbernimmt DOS Dokumenten Systeme GmbH keine Gew\u00e4hrleistung f\u00fcr die<br \/>\nFehlerfreiheit eingesetzter Fremdsoftware oder f\u00fcr Komponenten, die der Kunde bereitstellt.<br \/>\nGew.hrleistungsanpr\u00fcche setzen au\u00dferdem voraus, dass der Fehler schriftlich gemeldet wird<br \/>\nund reproduzierbar ist.<br \/>\n(3) DOS Dokumenten Systeme GmbH wird den gemeldeten Fehler je nach seiner Bedeutung<br \/>\nentweder durch die Lieferung einer verbesserten Version der Werkleistung oder durch<br \/>\nHinweise zur Beseitigung oder zur Umgehung der Auswirkung des Fehlers berichtigen. Der<br \/>\nKunde hat DOS Dokumenten Systeme GmbH im Rahmen des Zumutbaren bei der<br \/>\nFehlerbeseitigung zu unterst\u00fctzen. DOS Dokumenten Systeme GmbH kann die Verg\u00fctung<br \/>\nihres Aufwandes verlangen, soweit sie aufgrund einer Fehlermeldung t\u00e4tig geworden ist, ohne<br \/>\ndass ein vor ihr zu vertretender Fehler vorliegt.<br \/>\n(4) Sofern und soweit DOS Dokumenten Systeme GmbH auch durch zweimalige<br \/>\nNacherf\u00fcllung eine vertragsgem\u00e4\u00dfe und fehlerfreie Leistung nicht gelingt, ist der Kunde nach<br \/>\nAblauf einer angemessenen Nachfrist berechtigt, die Verg\u00fctung entsprechend herabzusetzen.<br \/>\nAnhang B: Datenschutzerkl\u00e4rung<\/p>\n<p><strong>Verarbeitet DOS Dokumenten Systeme GmbH im Rahmen der Auftragsdurchf\u00fchrung<\/strong><br \/>\n<strong> personenbezogene Daten des Kunden, tr\u00e4gt sie folgende Verpflichtungen:<\/strong><br \/>\n(1) DOS Dokumenten Systeme GmbH wird bei der Auftragsdurchf\u00fchrung die Grunds\u00e4tze<br \/>\neiner ordnungsgem\u00e4\u00dfen Datenverarbeitung<br \/>\neinhalten bzw. ihre Einhaltung laufend<br \/>\n\u00fcberwachen; insbesondere befolgt BVS die Vorschriften des Bundesdatenschutzgesetzes in<br \/>\nder jeweils g\u00fcltigen Fassung.<br \/>\n(2) DOS Dokumenten Systeme GmbH f\u00fchrt eine Verarbeitung von personenbezogenen Daten<br \/>\ndes Kunden ausschlie\u00dflich nach dessen Weisungen durch. Sollte eine Weisung des Kunden<br \/>\ngegen geltende gesetzliche Bestimmungen versto\u00dfen, wird DOS Dokumenten Systeme GmbH<br \/>\nden Kunden darauf unverz\u00fcglich aufmerksam machen.<br \/>\n(3) DOS Dokumenten Systeme GmbH hat mit der gebotenen Sorgfalt darauf hinzuwirken,<br \/>\ndass alle Personen, die von ihr mit der Durchf\u00fchrung des Auftrags betraut sind, die<br \/>\ngesetzlichen Bestimmungen \u00fcber den Datenschutz beachten und personenbezogene Daten<br \/>\nnicht an Dritte weitergeben oder auf sonstige Weise verwerten. Eine nach \u00a7 5 BDSG<br \/>\nerforderliche Verpflichtung dieser Personen auf die Wahrung des Datengeheimnisses ist vor<br \/>\nder erstmaligen Aufnahme ihrer T\u00e4tigkeit vorzunehmen und dem Kunden auf Verlangen<br \/>\nanhand der schriftlichen Verpflichtungserkl\u00e4rung nachzuweisen,<br \/>\n(4) DOS Dokumenten Systeme GmbH ist zur Vergabe von Unterauftr\u00e4ge berechtigt, sofern<br \/>\nsie den Subunternehmer in gleichem Umfang zu einer ordnungsgem\u00e4\u00dfen Datenverarbeitung<br \/>\nverpflichtet, in dem sie selbst gegen\u00fcber dem Kunden durch die vorliegende Erkl\u00e4rung<br \/>\nverpflichtet ist; insbesondere m\u00fcssen auch die Mitarbeiter des Subunternehmers nach \u00a7 5<br \/>\nBDSG verpflichtet worden sein.<br \/>\n(5) DOS Dokumenten Systeme GmbH sichert alle ihr im Zusammenhang mit dem Auftrag ur<br \/>\nVerf\u00fcgung gestellten Daten gegen die Kenntnisnahme durch Unbefugte und trifft die nach \u00a7 9<br \/>\nBDSG vorgeschriebenen Sicherheitsvorkehrungen. Bei St\u00f6rungen des Arbeitsablaufes, bei<br \/>\nVerdacht auf Datenschutzverletzungen und sonstigen Unregelm\u00e4\u00dfigkeiten ist der Kunde<br \/>\nunverz\u00fcglich zu informieren.<\/p>\n","protected":false},"excerpt":{"rendered":"Allgemeine Gesch\u00e4ftsbedingungen der DOS Dokumenten Systeme GmbH f\u00fcr Dienst- und Werkleistungen (Stand Mai 2005) I. Anwendungsbereich (1) DOS Dokumenten Systeme GmbH erbringt ihre Leistungen zu den nachfolgenden Gesch\u00e4ftsbedingungen. Falls in dem von den Parteien unterzeichneten Vertrag zu einem Punkt eine abweichende Regelung getroffen wurde, so genie\u00dft diese Regelung Vorrang; die G\u00fcltigkeit der \u00fcbrigen Gesch\u00e4ftsbedingungen wird&#8230; <a class=\"view-article\" href=\"https:\/\/www.dos-dokumenten-systeme.de\/de\/agb\/\">Artikel ansehen<\/a>","protected":false},"author":1,"featured_media":0,"parent":0,"menu_order":11,"comment_status":"open","ping_status":"open","template":"","meta":{"footnotes":""},"_links":{"self":[{"href":"https:\/\/www.dos-dokumenten-systeme.de\/de\/wp-json\/wp\/v2\/pages\/9"}],"collection":[{"href":"https:\/\/www.dos-dokumenten-systeme.de\/de\/wp-json\/wp\/v2\/pages"}],"about":[{"href":"https:\/\/www.dos-dokumenten-systeme.de\/de\/wp-json\/wp\/v2\/types\/page"}],"author":[{"embeddable":true,"href":"https:\/\/www.dos-dokumenten-systeme.de\/de\/wp-json\/wp\/v2\/users\/1"}],"replies":[{"embeddable":true,"href":"https:\/\/www.dos-dokumenten-systeme.de\/de\/wp-json\/wp\/v2\/comments?post=9"}],"version-history":[{"count":10,"href":"https:\/\/www.dos-dokumenten-systeme.de\/de\/wp-json\/wp\/v2\/pages\/9\/revisions"}],"predecessor-version":[{"id":126,"href":"https:\/\/www.dos-dokumenten-systeme.de\/de\/wp-json\/wp\/v2\/pages\/9\/revisions\/126"}],"wp:attachment":[{"href":"https:\/\/www.dos-dokumenten-systeme.de\/de\/wp-json\/wp\/v2\/media?parent=9"}],"curies":[{"name":"wp","href":"https:\/\/api.w.org\/{rel}","templated":true}]}}