{"id":2,"date":"2013-06-18T09:17:16","date_gmt":"2013-06-18T09:17:16","guid":{"rendered":"https:\/\/www.dos-dokumenten-systeme.de\/?page_id=2"},"modified":"2014-02-11T16:39:47","modified_gmt":"2014-02-11T14:39:47","slug":"beispiel-seite","status":"publish","type":"page","link":"https:\/\/www.dos-dokumenten-systeme.de\/de\/beispiel-seite\/","title":{"rendered":"Produkte"},"content":{"rendered":"<p>Wir bieten ihen folgende Leistungen an:<\/p>\n<hr \/>\n<h2><strong>Dokumenten-L\u00f6sungen<\/strong><\/h2>\n<div class=\"row\">\n<div class=\"four  columns\">\n<p>\n<img decoding=\"async\" class=\"aligncenter\" alt=\"idexierung\" src=\"https:\/\/www.dos-dokumenten-systeme.de\/wp-content\/uploads\/2013\/06\/idexierung.png\" \/><\/p>\n<h3 style=\"text-align: center;\">Dokumenten Management Systeme<\/h3>\n<p>Wenn Sie uns Ihre Dokumente zur Archivierung \u00fcberlassen, sehen wir es als unsere Aufgabe an, dass Sie auch in Zukunft den bestm\u00f6glichen und unkompliziertesten Zugriff darauf haben. Deshalb werden die archivierten Dokumente auf Wunsch systemunabh\u00e4ngig bei Ihnen vor Ort wieder in Ihrer bestehenden Systemumgebung abgelegt.<\/p>\n<\/div>\n<div class=\"four  columns\">\n<p>\n<img decoding=\"async\" class=\"aligncenter\" alt=\"doc-manage\" src=\"https:\/\/www.dos-dokumenten-systeme.de\/wp-content\/uploads\/2013\/06\/doc-manage.png\" \/><\/p>\n<h3 style=\"text-align: center;\">Dokumenten Indexierung<\/h3>\n<p>Sind Ihre Dokumente archiviert, ist es f\u00fcr Sie von entscheidender Bedeutung im Bedarfsfall m\u00f6glichst schnell auf einzelne Schriftst\u00fccke zugreifen zu k\u00f6nnen. Deshalb erfolgt die Indexierung bei DOS maschinell \u00fcber Barcode, OCR\/ICR oder auf Wunsch auch manuell. Sowohl bei der Hard- als auch bei der Software setzen wir auf KODAK-L\u00f6sungen.<\/p>\n<\/div>\n<div class=\"four  columns\">\n<p>\n<img decoding=\"async\" class=\"aligncenter\" alt=\"time\" src=\"https:\/\/www.dos-dokumenten-systeme.de\/wp-content\/uploads\/2013\/06\/time.png\" \/><\/p>\n<h3 style=\"text-align: center;\">Dokumenten Recherche<\/h3>\n<p>Dass ein Dokument archiviert ist, bedeutet nicht, dass der Zugriff darauf Umst\u00e4nde bereitet. F\u00fcr Industrie- und Handelsunternehmen im Kreditorenbereich stellen wir L\u00f6sungen zur Verf\u00fcgung, die auch bei der Langzeitarchivierung von Dokumenten einen st\u00e4ndigen Zugriff auf zeitkritische Dokumente per Internetportal erlaubt.<\/p>\n<\/div>\n<\/div>\n<hr \/>\n<h2><strong>Archivierung-Dienstleistung<\/strong><\/h2>\n<div class=\"row\">\n<div class=\"four  columns\">\n<p>\n<img decoding=\"async\" class=\"aligncenter\" alt=\"Scan-Service\" src=\"https:\/\/www.dos-dokumenten-systeme.de\/wp-content\/uploads\/2013\/06\/Scan-Service.png\" \/><\/p>\n<h3 style=\"text-align: center;\">Scan-Service<\/h3>\n<p>Die zentrale Dienstleistung der DOS Dokumenten Systeme GmbH ist die digitale Erfassung Ihrer Dokumente aller Art. Dabei geht es nicht nur um den Inhalt der Dokumente, auf den wir nat\u00fcrlich auch mit den verschiedensten Sicherheitsma\u00dfnahmen flexibel reagieren k\u00f6nnen \u2013 wir scannen auch unabh\u00e4ngig vom Format und der Qualit\u00e4t jeglicher Vorlagen.<\/p>\n<p>\u00a0<\/p>\n<\/div>\n<div class=\"four  columns\">\n<p>\n<img decoding=\"async\" class=\"aligncenter\" alt=\"Datenerfassung\" src=\"https:\/\/www.dos-dokumenten-systeme.de\/wp-content\/uploads\/2013\/06\/Datenerfassung.png\" \/><\/p>\n<h3 style=\"text-align: center;\">Datenerfassung<\/h3>\n<p>Bei der Datenerfassung legen wir h\u00f6chste Qualit\u00e4tsanspr\u00fcche an. Auf der Hardwareseite kommen KODAK Scanner, KODAK Mikrofilm Reader\/Printer und KODAK Mikrofilmkameras zum Einsatz. Bei der Software vertrauen wir auf Eistream, ehemals Eastmann KODAK. Diese Software l\u00e4sst sich als Dokumenten-Workflow-System f\u00fcr einen einzelnen Arbeitsplatz anpassen, kann aber auch als L\u00f6sung f\u00fcr bis zu 2.000 User realisiert werden.<\/p>\n<p>\u00a0<\/p>\n<\/div>\n<div class=\"four  columns\">\n<p><img decoding=\"async\" class=\"aligncenter\" alt=\"Microverfilmung\" src=\"https:\/\/www.dos-dokumenten-systeme.de\/wp-content\/uploads\/2013\/06\/Microverfilmung.png\" \/><\/p>\n<h3 style=\"text-align: center;\">Microverfilmung<\/h3>\n<p>Der Mikrofilm ist der Klassiker im Bereich der Langzeitarchivierung. Und das nicht ohne Grund: Bei Archivbest\u00e4nden, auf die nur selten zur\u00fcckgegriffen werden muss, hat sich der Mikrofilm als hervorragendes Archivmedium bew\u00e4hrt. Dank unserer KODAK-L\u00f6sung k\u00f6nnen per Digital Preservation Dokumente in einem Arbeitsgang gescannt und verfilmt werden.<\/p>\n<p>\u00a0<\/p>\n<\/div>\n<\/div>\n<hr \/>\n<h2><strong>Logistik-L\u00f6sungen<\/strong><\/h2>\n<div class=\"row\">\n<div class=\"four  columns\">\n<p>\n<img decoding=\"async\" class=\"aligncenter\" alt=\"truck\" src=\"https:\/\/www.dos-dokumenten-systeme.de\/wp-content\/uploads\/2013\/06\/truck.png\" \/><\/p>\n<h3 style=\"text-align: center;\">Logistik<\/h3>\n<p>Wenn Sie sich entscheiden mit DOS zusammenzuarbeiten, gen\u00fcgt ein Anruf und wir treten in Aktion: Unser eigener Fuhrpark, der allen Sicherheitsanspr\u00fcchen gerecht wird, sorgt jederzeit f\u00fcr eine problemlose Abwicklung der Logistik. Die Abholung der Dokumente erfolgt umgehend, die Scans sind in k\u00fcrzester Zeit abrufbereit. Auch die Einlagerung oder Vernichtung, beziehungsweise der Versand der Dokumente an Dritte ist f\u00fcr uns kein Problem.<\/p>\n<\/div>\n<div class=\"four  columns\">\n<p>\n<img decoding=\"async\" class=\"aligncenter\" alt=\"safe\" src=\"https:\/\/www.dos-dokumenten-systeme.de\/wp-content\/uploads\/2013\/06\/safe.png\" \/><\/p>\n<h3 style=\"text-align: center;\">Akteneinlagerung<\/h3>\n<p>DOS kann im Anschluss an die Datenerfassung die Einlagerung Ihrer Dokumente \u00fcbernehmen. Diese erfolgt in barcodegesteuerten Hochregalen, damit im Bedarfsfall jedes Original problemlos und schnell zur Hand ist. Unsere Lagerst\u00e4tten sind selbstverst\u00e4ndlich mit Alarmanlagen gegen Diebstahl gesichert und gen\u00fcgen den h\u00f6chsten Anspr\u00fcchen in Sachen Brandschutz.<\/p>\n<\/div>\n<div class=\"four  columns\">\n<p>\n<img decoding=\"async\" class=\"aligncenter\" alt=\"barcode\" src=\"https:\/\/www.dos-dokumenten-systeme.de\/wp-content\/uploads\/2013\/06\/barcode.png\" \/><\/p>\n<h3 style=\"text-align: center;\">Barcode-L\u00f6sungen<\/h3>\n<p>Zur besseren Verwaltung Ihres Archivbestandes erstellen wir Ihnen gerne entsprechende Barcode-Etiketten, die das Auffinden von bestimmten Posten erheblich vereinfachen. Dementsprechend liefern wir auch Hochleistungdrucker mit passendem Zubeh\u00f6r. Die RFID-Technologie ist f\u00fchrend am Markt und wird von DOS als KODAK Document Imaging Center praktisch eingesetzt<\/p>\n<\/div>\n<\/div>\n<p><\/p>","protected":false},"excerpt":{"rendered":"Wir bieten ihen folgende Leistungen an: Dokumenten-L\u00f6sungen Archivierung-Dienstleistung Logistik-L\u00f6sungen","protected":false},"author":1,"featured_media":0,"parent":0,"menu_order":1,"comment_status":"open","ping_status":"open","template":"","meta":{"footnotes":""},"_links":{"self":[{"href":"https:\/\/www.dos-dokumenten-systeme.de\/de\/wp-json\/wp\/v2\/pages\/2"}],"collection":[{"href":"https:\/\/www.dos-dokumenten-systeme.de\/de\/wp-json\/wp\/v2\/pages"}],"about":[{"href":"https:\/\/www.dos-dokumenten-systeme.de\/de\/wp-json\/wp\/v2\/types\/page"}],"author":[{"embeddable":true,"href":"https:\/\/www.dos-dokumenten-systeme.de\/de\/wp-json\/wp\/v2\/users\/1"}],"replies":[{"embeddable":true,"href":"https:\/\/www.dos-dokumenten-systeme.de\/de\/wp-json\/wp\/v2\/comments?post=2"}],"version-history":[{"count":47,"href":"https:\/\/www.dos-dokumenten-systeme.de\/de\/wp-json\/wp\/v2\/pages\/2\/revisions"}],"predecessor-version":[{"id":288,"href":"https:\/\/www.dos-dokumenten-systeme.de\/de\/wp-json\/wp\/v2\/pages\/2\/revisions\/288"}],"wp:attachment":[{"href":"https:\/\/www.dos-dokumenten-systeme.de\/de\/wp-json\/wp\/v2\/media?parent=2"}],"curies":[{"name":"wp","href":"https:\/\/api.w.org\/{rel}","templated":true}]}}