{"id":13,"date":"2013-06-18T14:39:37","date_gmt":"2013-06-18T12:39:37","guid":{"rendered":"https:\/\/www.dos-dokumenten-systeme.de\/?page_id=13"},"modified":"2014-02-12T15:33:58","modified_gmt":"2014-02-12T13:33:58","slug":"startseite","status":"publish","type":"page","link":"https:\/\/www.dos-dokumenten-systeme.de\/de\/","title":{"rendered":"Willkommen bei DOS Dokumenten-Systeme GmbH!"},"content":{"rendered":"<p><\/p>\n<div class=\"row\">\n<div class=\"six columns\">\n<p><h2>A wie Archiv. A wie Anspruch.<\/h2>\n<p>Die DOS Dokumenten Systeme GmbH ist Ihr zuverl\u00e4ssiger Partner, wenn es um die Archivierung von Akten, Belegen, B\u00fcchern, Pl\u00e4nen, Zeitungen oder eben ganz allgemein: Dokumenten geht.<br \/>\nIn der heutigen Zeit gewinnt das Thema Archivierung branchenunabh\u00e4ngig immer mehr an Bedeutung. Das liegt sowohl an den immer weiter wachsenden Datenmengen, mit denen Unternehmen aufgrund immer ausgereifterer IT- und Kommunikationssysteme umgehen m\u00fcssen. Aber auch die gesetzlich vorgeschriebenen Aufbewahrungspflichten und strikte Compliance Anforderungen machen ein hohes Ma\u00df an Sicherheit bei der Dokumentenarchivierung unumg\u00e4nglich.<\/p>\n<\/div>\n<div class=\"six columns\">\n<p><h2>Sprechen Sie uns an!<\/h2>\n<p>\u00dcberzeugen auch Sie sich von der Qualit\u00e4t von DOS. Wir scannen Ihre Dokumente unabh\u00e4ngig von Format und Qualit\u00e4t der Vorlagen. V\u00f6llig systemunabh\u00e4ngig archivieren wir in unserem Datacenter unter Einhaltung aller Sicherheitsvorschriften Ihr Material und stellen es Ihnen im Anschluss so zur Verf\u00fcgung, dass Sie es problemlos in Ihre bestehende Systemumgebung integrieren k\u00f6nnen. Arbeiten Sie bislang noch nicht mit einem Dokumenten Management System stellen wir Ihnen auf jedem Datentr\u00e4ger ein voll funktionsf\u00e4higes Archivprogramm zur Verf\u00fcgung. Nutzen Sie jetzt den Service von DOS und erleben Sie die Sicherheit und den Komfort einer professionellen Dokumentenarchivierung.<\/p>\n<\/div>\n<\/div>\n<p><\/p>","protected":false},"excerpt":{"rendered":"","protected":false},"author":1,"featured_media":0,"parent":0,"menu_order":0,"comment_status":"open","ping_status":"open","template":"template-starseite.php","meta":{"footnotes":""},"_links":{"self":[{"href":"https:\/\/www.dos-dokumenten-systeme.de\/de\/wp-json\/wp\/v2\/pages\/13"}],"collection":[{"href":"https:\/\/www.dos-dokumenten-systeme.de\/de\/wp-json\/wp\/v2\/pages"}],"about":[{"href":"https:\/\/www.dos-dokumenten-systeme.de\/de\/wp-json\/wp\/v2\/types\/page"}],"author":[{"embeddable":true,"href":"https:\/\/www.dos-dokumenten-systeme.de\/de\/wp-json\/wp\/v2\/users\/1"}],"replies":[{"embeddable":true,"href":"https:\/\/www.dos-dokumenten-systeme.de\/de\/wp-json\/wp\/v2\/comments?post=13"}],"version-history":[{"count":23,"href":"https:\/\/www.dos-dokumenten-systeme.de\/de\/wp-json\/wp\/v2\/pages\/13\/revisions"}],"predecessor-version":[{"id":249,"href":"https:\/\/www.dos-dokumenten-systeme.de\/de\/wp-json\/wp\/v2\/pages\/13\/revisions\/249"}],"wp:attachment":[{"href":"https:\/\/www.dos-dokumenten-systeme.de\/de\/wp-json\/wp\/v2\/media?parent=13"}],"curies":[{"name":"wp","href":"https:\/\/api.w.org\/{rel}","templated":true}]}}