{"id":11,"date":"2013-06-18T14:39:13","date_gmt":"2013-06-18T12:39:13","guid":{"rendered":"https:\/\/www.dos-dokumenten-systeme.de\/?page_id=11"},"modified":"2022-04-11T22:23:42","modified_gmt":"2022-04-11T20:23:42","slug":"impresssum","status":"publish","type":"page","link":"https:\/\/www.dos-dokumenten-systeme.de\/de\/impresssum\/","title":{"rendered":"Impressum"},"content":{"rendered":"<p>DOS Dokumenten Systeme GmbH<br \/>\nInh. Dipl.-Kfm. Bernd Ellersiek<br \/>\nLange Str. 85<br \/>\n31552 Rodenberg<\/p>\n<p>Tel.: 05723-98928-0<br \/>\nE-Mail: info (at) dos-dokumenten-systeme.de<\/p>\n<p>HRB: 2069<br \/>\nGerichtsstand: Amtsgericht Stadthagen<br \/>\nUmsatzsteuer-Identifikationsnummer gem\u00e4\u00df<br \/>\n\u00a7 27 a Umsatzsteuergesetz: (44\/211\/14722)<br \/>\nInhaltlich verantwortlich gem\u00e4\u00df \u00a7 10 Absatz 3 MDStV:<br \/>\nBernd Ellersiek (Anschrift wie oben)<\/p>\n<p><strong>Datenschutzerkl\u00e4rung gem\u00e4\u00df Teledienstdatenschutzgesetz (TDDSG)<\/strong><br \/>\nWir erheben, verarbeiten und nutzen Ihre Daten nur im Rahmen der gesetzlichen Bestimmungen. Diese Datenschutzerkl\u00e4rung gilt\u00a0ausschlie\u00dflich f\u00fcr die Nutzung der von uns angebotenen Webseiten. Sie gilt nicht f\u00fcr die Webseiten\u00a0anderer Dienstanbieter, auf die\u00a0wir lediglich\u00a0durch einen Link\u00a0verweisen. Bei der Nutzung\u00a0unserer\u00a0Webseiten bleiben Sie anonym, solange Sie uns nicht von sich aus freiwillig personenbezogene Daten zur Verf\u00fcgung stellen. Wir werden die von Ihnen zur Verf\u00fcgung gestellten Daten streng vertraulich behandeln. Ohne Ihre ausdr\u00fcckliche Einwilligung geben wir keine pers\u00f6nlichen Daten weiter, es sei denn, dass wir rechtlich dazu verpflichtet sind. Wir weisen jedoch darauf hin, dass es bei der \u00dcbermittlung von Daten im Internet immer dazu kommen kann, dass Dritte Ihre Daten zur Kenntnis nehmen oder verf\u00e4lschen.<\/p>\n<p><strong>Gestaltung des Internetauftritts<\/strong><br \/>\nDie grafische Gestaltung von dos-dokumenten-systeme.de hat die Firma <a href=\"http:\/\/www.bundb.de\/\" target=\"_blank\" rel=\"noopener\"> B&amp;B. Markenagentur<\/a> \u00fcbernommen<\/p>\n<p><strong>Haftungshinweis<\/strong><br \/>\nTrotz sorgf\u00e4ltiger inhaltlicher Kontrolle \u00fcbernehmen wir keine Haftung f\u00fcr die Inhalte externer Links. F\u00fcr den Inhalt der verlinkten Seiten sind ausschlie\u00dflich deren Betreiber verantwortlich.<\/p>\n<p><strong>Datenschutzerkl\u00e4rung<br \/>\n<\/strong>Sofern Sie es von uns verlangen, gew\u00e4hren wir Ihnen Einblick in die \u00fcber Sie gespeicherten Daten, beziehungsweise l\u00f6schen diese. Wenn Sie Daten berichtigen, l\u00f6schen oder einsehen wollen, gen\u00fcgt hierf\u00fcr ein Schreiben an die im Impressum angegebene Adresse.<br \/>\nIm Rahmen der Benachrichtigung unserer Kunden \u00fcber Produktneuheiten, etc. senden wir Ihnen Emails nur zu, sofern Sie uns Ihre Emailadresse zur Verf\u00fcgung stellen.<\/p>","protected":false},"excerpt":{"rendered":"DOS Dokumenten Systeme GmbH Inh. Dipl.-Kfm. Bernd Ellersiek Lange Str. 85 31552 Rodenberg Tel.: 05723-98928-0 E-Mail: info (at) dos-dokumenten-systeme.de HRB: 2069 Gerichtsstand: Amtsgericht Stadthagen Umsatzsteuer-Identifikationsnummer gem\u00e4\u00df \u00a7 27 a Umsatzsteuergesetz: (44\/211\/14722) Inhaltlich verantwortlich gem\u00e4\u00df \u00a7 10 Absatz 3 MDStV: Bernd Ellersiek (Anschrift wie oben) Datenschutzerkl\u00e4rung gem\u00e4\u00df Teledienstdatenschutzgesetz (TDDSG) Wir erheben, verarbeiten und nutzen Ihre Daten&#8230; <a class=\"view-article\" href=\"https:\/\/www.dos-dokumenten-systeme.de\/de\/impresssum\/\">Artikel ansehen<\/a>","protected":false},"author":1,"featured_media":0,"parent":0,"menu_order":12,"comment_status":"open","ping_status":"open","template":"","meta":{"footnotes":""},"_links":{"self":[{"href":"https:\/\/www.dos-dokumenten-systeme.de\/de\/wp-json\/wp\/v2\/pages\/11"}],"collection":[{"href":"https:\/\/www.dos-dokumenten-systeme.de\/de\/wp-json\/wp\/v2\/pages"}],"about":[{"href":"https:\/\/www.dos-dokumenten-systeme.de\/de\/wp-json\/wp\/v2\/types\/page"}],"author":[{"embeddable":true,"href":"https:\/\/www.dos-dokumenten-systeme.de\/de\/wp-json\/wp\/v2\/users\/1"}],"replies":[{"embeddable":true,"href":"https:\/\/www.dos-dokumenten-systeme.de\/de\/wp-json\/wp\/v2\/comments?post=11"}],"version-history":[{"count":13,"href":"https:\/\/www.dos-dokumenten-systeme.de\/de\/wp-json\/wp\/v2\/pages\/11\/revisions"}],"predecessor-version":[{"id":279,"href":"https:\/\/www.dos-dokumenten-systeme.de\/de\/wp-json\/wp\/v2\/pages\/11\/revisions\/279"}],"wp:attachment":[{"href":"https:\/\/www.dos-dokumenten-systeme.de\/de\/wp-json\/wp\/v2\/media?parent=11"}],"curies":[{"name":"wp","href":"https:\/\/api.w.org\/{rel}","templated":true}]}}